{"id":25231,"date":"2018-08-21T16:10:23","date_gmt":"2018-08-21T14:10:23","guid":{"rendered":"http:\/\/www.wibbelt-gmbh.com\/agb\/"},"modified":"2019-02-22T14:35:11","modified_gmt":"2019-02-22T13:35:11","slug":"conditions","status":"publish","type":"page","link":"https:\/\/wibbelt-gmbh.com\/en\/conditions\/","title":{"rendered":"Conditions"},"content":{"rendered":"<p>[et_pb_section fb_built=&#8221;1&#8243; fullwidth=&#8221;on&#8221; next_background_color=&#8221;#000000&#8243; _builder_version=&#8221;3.0.47&#8243;][et_pb_fullwidth_slider show_arrows=&#8221;off&#8221; show_pagination=&#8221;off&#8221; _builder_version=&#8221;3.16&#8243; button_text_size__hover_enabled=&#8221;off&#8221; button_one_text_size__hover_enabled=&#8221;off&#8221; button_two_text_size__hover_enabled=&#8221;off&#8221; button_text_color__hover_enabled=&#8221;off&#8221; button_one_text_color__hover_enabled=&#8221;off&#8221; button_two_text_color__hover_enabled=&#8221;off&#8221; button_border_width__hover_enabled=&#8221;off&#8221; button_one_border_width__hover_enabled=&#8221;off&#8221; button_two_border_width__hover_enabled=&#8221;off&#8221; button_border_color__hover_enabled=&#8221;off&#8221; button_one_border_color__hover_enabled=&#8221;off&#8221; button_two_border_color__hover_enabled=&#8221;off&#8221; button_border_radius__hover_enabled=&#8221;off&#8221; button_one_border_radius__hover_enabled=&#8221;off&#8221; button_two_border_radius__hover_enabled=&#8221;off&#8221; button_letter_spacing__hover_enabled=&#8221;off&#8221; button_one_letter_spacing__hover_enabled=&#8221;off&#8221; button_two_letter_spacing__hover_enabled=&#8221;off&#8221; button_bg_color__hover_enabled=&#8221;off&#8221; button_one_bg_color__hover_enabled=&#8221;off&#8221; button_two_bg_color__hover_enabled=&#8221;off&#8221;][et_pb_slide use_bg_overlay=&#8221;off&#8221; use_text_overlay=&#8221;off&#8221; alignment=&#8221;bottom&#8221; _builder_version=&#8221;3.16&#8243; background_image=&#8221;http:\/\/www.wibbelt-gmbh.com\/wp-content\/uploads\/2018\/08\/Fotolia_11834823_L.jpg&#8221; button_on_hover=&#8221;on&#8221; button_text_size__hover_enabled=&#8221;off&#8221; button_one_text_size__hover_enabled=&#8221;off&#8221; button_two_text_size__hover_enabled=&#8221;off&#8221; button_text_color__hover_enabled=&#8221;off&#8221; button_one_text_color__hover_enabled=&#8221;off&#8221; button_two_text_color__hover_enabled=&#8221;off&#8221; button_border_width__hover_enabled=&#8221;off&#8221; button_one_border_width__hover_enabled=&#8221;off&#8221; button_two_border_width__hover_enabled=&#8221;off&#8221; button_border_color__hover_enabled=&#8221;off&#8221; button_one_border_color__hover_enabled=&#8221;off&#8221; button_two_border_color__hover_enabled=&#8221;off&#8221; button_border_radius__hover_enabled=&#8221;off&#8221; button_one_border_radius__hover_enabled=&#8221;off&#8221; button_two_border_radius__hover_enabled=&#8221;off&#8221; button_letter_spacing__hover_enabled=&#8221;off&#8221; button_one_letter_spacing__hover_enabled=&#8221;off&#8221; button_two_letter_spacing__hover_enabled=&#8221;off&#8221; button_bg_color__hover_enabled=&#8221;off&#8221; button_one_bg_color__hover_enabled=&#8221;off&#8221; button_two_bg_color__hover_enabled=&#8221;off&#8221;][\/et_pb_slide][\/et_pb_fullwidth_slider][\/et_pb_section][et_pb_section fb_built=&#8221;1&#8243; prev_background_color=&#8221;#000000&#8243; _builder_version=&#8221;3.0.47&#8243;][et_pb_row _builder_version=&#8221;3.0.48&#8243; background_size=&#8221;initial&#8221; background_position=&#8221;top_left&#8221; background_repeat=&#8221;repeat&#8221;][et_pb_column type=&#8221;2_3&#8243; _builder_version=&#8221;3.0.47&#8243;][et_pb_text _builder_version=&#8221;3.19.16&#8243;]<\/p>\n<h1>AGB<\/h1>\n<p>[\/et_pb_text][et_pb_text _builder_version=&#8221;3.19.16&#8243;]<\/p>\n<h3>Allgemeine Einkaufsbedingungen der Wibbelt GmbH (Stand 01\/2019)<\/h3>\n<p><strong>Vertragsabschluss<\/strong><\/p>\n<p>Wir bestellen auf der Grundlage unserer Allgemeinen Einkaufsbedingungen. Andere Bedingungen werden nicht Vertragsinhalt, auch wenn wir diesen nicht ausdr\u00fccklich widersprechen. Nehmen wir die Lieferung \/ Leistung ohne ausdr\u00fccklichen Widerspruch entgegen, so kann hieraus in keinem Fall abgeleitet werden, wir h\u00e4tten Ihre Lieferbedingungen angenommen. Diese Allgemeinen Einkaufsbedingungen gelten auch f\u00fcr alle zuk\u00fcnftigen Vertragsbeziehungen mit Ihnen.<\/p>\n<p><strong>2. Form der Bestellungen<\/strong><\/p>\n<p>Bestellungen \/ Lieferabrufe bzw. deren \u00c4nderungen erfolgen ausschlie\u00dflich in schriftlicher Form. M\u00fcndliche, fernm\u00fcndliche Bestellungen sind erst nach schriftlicher Best\u00e4tigung durch uns verbindlich.<\/p>\n<p><strong>3. Auftragsbest\u00e4tigungen<\/strong><\/p>\n<p>Auftragsbest\u00e4tigungen sind umgehend schriftlich zu erteilen. Geschieht dies nicht innerhalb einer Frist von 10 Tagen nach Zugang der Bestellung, so sind wir zum Widerruf berechtigt. Bestellnummern und Zeichen sind in Auftragsbest\u00e4tigungen, Schriftwechsel, Versandanzeigen, Frachtbriefen und Rechnungen aufzuf\u00fchren.<\/p>\n<p><strong>4. Preise \/ Versand \/ Verpackung<\/strong><\/p>\n<p>Die vereinbarten Preise sind Festpreise und schlie\u00dfen Nachforderungen aller Art aus. Kosten f\u00fcr Verpackung und Transport bis zu der von uns angegebenen Versandanschrift bzw. Verwendungsstelle sind in diesen Preisen enthalten. Der Versand \/ Transport erfolgt auf Ihre Gefahr. Wir behalten uns vor, Verpackungsmaterialien auf Ihre Kosten zur\u00fcckzusenden, wobei diese vom Rechnungsbetrag gek\u00fcrzt werden. Im \u00dcbrigen richtet sich die R\u00fccknahmeverpflichtung f\u00fcr die Verpackung nach den gesetzlichen Vorschriften.<\/p>\n<p><strong>5. Liefer- und Leistungstermine \/ Verzug<\/strong><\/p>\n<p>Vereinbarte Termine sind verbindlich. Erkennen Sie, dass ein vereinbarter Termin aus irgendwelchen Gr\u00fcnden nicht eingehalten werden kann, so haben Sie uns dies unverz\u00fcglich unter Angabe der Gr\u00fcnde und der voraussichtlichen Dauer der Verz\u00f6gerung mitzuteilen. Wir sind dann neben der Geltendmachung von Anspr\u00fcchen, insbesondere aus Verzug, nach Ablauf einer von uns gesetzten Nachfrist berechtigt, nach unserer Wahl Schadenersatz wegen Nichterf\u00fcllung zu verlangen bzw. von dritter Seite Ersatz zu beschaffen oder vom Vertrag zur\u00fcckzutreten. Aus Nichtbeachtung dieser Vorschriften entstehende Kosten gehen zu Lasten des Lieferanten.<\/p>\n<p><strong>6. Garantie \/ Gew\u00e4hrleistung<\/strong><\/p>\n<p>Sie garantieren und sichern zu, dass s\u00e4mtliche Lieferungen \/ Leistungen dem neuesten Stand der Technik, den einschl\u00e4gigen<br \/>\nrechtlichen Bestimmungen und den Vorschriften und Richtlinien von Beh\u00f6rden, Berufsgenossenschaften und Fachverb\u00e4nden,<br \/>\ninsbesondere VDE-\/VDMA-Bestimmungen, VDI-Richtlinien und DVGW-Richtlinien, entsprechen. Sind im Einzelfall<br \/>\nAbweichungen von diesen Vorschriften notwendig, so m\u00fcssen Sie hierzu unsere schriftliche Zustimmung einholen. Ihre Gew\u00e4hrleistungsverpflichtung wird durch diese Zustimmung nicht eingeschr\u00e4nkt. Haben Sie Bedenken gegen die von uns gew\u00fcnschte Art der Ausf\u00fchrung, so haben Sie uns dies unverz\u00fcglich schriftlich mitzuteilen. Durch Abnahme oder Bewilligung von vorgelegten Zeichnungen verzichten wir nicht auf Gew\u00e4hrleistungsanspr\u00fcche. Bei allen der G\u00fctepr\u00fcfung unterliegenden Lieferungen gilt die Bestellung mit sofortiger Wirkung als r\u00fcckg\u00e4ngig gemacht, sobald die Pr\u00fcfstelle M\u00e4ngel feststellt. Der Auftragnehmer ist verpflichtet den Auftraggeber sofort dar\u00fcber zu informieren. Materialpr\u00fcfberichte sind auf Verlangen kostenfrei vorzulegen.<\/p>\n<p>Die Gew\u00e4hrleistungszeit betr\u00e4gt zwei Jahre, soweit nicht ausdr\u00fccklich etwas anderes vereinbart wurde oder gesetzlich eine l\u00e4ngere Gew\u00e4hrleistungsfrist besteht. Sie beginnt mit der \u00dcbergabe des Liefergegenstandes an uns oder den von uns benannten Dritten an der von uns vorgeschriebenen Empfangs- bzw. Verwendungsstelle.<\/p>\n<p><strong>7. Rechte Dritter<\/strong><\/p>\n<p>Sie sichern zu und garantieren, dass die Lieferungen \/ Leistungen frei von Rechten Dritter sind.<\/p>\n<p><strong>8. Abtretung<\/strong><\/p>\n<p>Eine Abtretung der Forderungen ist nur mit unserer schriftlich erteilten Zustimmung rechtswirksam.<\/p>\n<p><strong>9. Rechnungserteilung und Zahlung<\/strong><\/p>\n<p>Rechnungen sind mit allen dazugeh\u00f6rigen Unterlagen und Daten nach erfolgter Lieferung bzw. Leistung gesondert in ordnungsgem\u00e4\u00dfer Form einzureichen. Insbesondere unsere Bestellnummer mit unserer Projektnummer ist auf der Faktura aufzuf\u00fchren. Nicht ordnungsgem\u00e4\u00df eingereichte Rechnungen gelten erst vom Zeitpunkt der Richtigstellung<br \/>\nals bei uns eingegangen. Zahlungen erfolgen auf dem handels\u00fcblichen Weg, und zwar entsprechend den vereinbarten Zahlungszielen rein netto, gerechnet nach Lieferung \/ Leistung und Rechnungseingang.<\/p>\n<p>Die Wibbelt GmbH f\u00fchrt Kreditorenzahlungen einmal w\u00f6chentlich, i. d. R. mittwochs aus.<\/p>\n<p>Wenn bei Abzug von Skonto die Skontofrist zwischen zwei Zahlungsl\u00e4ufen endet, so gilt die Skontofrist bis zum n\u00e4chsten Zahlungslauf als verl\u00e4ngert.<\/p>\n<p>Bei fehlerhafter Lieferung sind wir berechtigt, die Zahlung wertanteilig bis zur ordnungsgem\u00e4\u00dfen Erf\u00fcllung zur\u00fcckzuhalten.<\/p>\n<p><strong>10. Erf\u00fcllungsort<\/strong><\/p>\n<p>Sofern nicht ausdr\u00fccklich etwas anderes vereinbart wurde, ist der Erf\u00fcllungsort f\u00fcr die Liefer- bzw. Leistungsverpflichtung die von uns gew\u00fcnschte Versandanschrift bzw. Verwendungsstelle; f\u00fcr alle \u00fcbrigen Verpflichtungen beider Seiten der Sitz unseres Unternehmens in D-59269 Beckum, Spieckersstra\u00dfe 12.<\/p>\n<p><strong>11. Gerichtsstand<\/strong><\/p>\n<p>Die Vertragsabwicklung erfolgt nach deutschem Recht. Gerichtsstand ist Beckum, wenn Sie Kaufmann sind. Wir behalten uns jedoch das Recht vor, Klage an jedem anderen zul\u00e4ssigen Gerichtsstand zu erheben. Namen, Adressen und weitere im Rahmen der Vertragsverh\u00e4ltnisse ben\u00f6tigten Daten werden entsprechend der DSGVO verarbeitet.[\/et_pb_text][\/et_pb_column][et_pb_column type=&#8221;1_3&#8243; _builder_version=&#8221;3.0.47&#8243;][et_pb_sidebar area=&#8221;sidebar-1&#8243; _builder_version=&#8221;3.12.1&#8243;][\/et_pb_sidebar][\/et_pb_column][\/et_pb_row][\/et_pb_section]<\/p>\n","protected":false},"excerpt":{"rendered":"<p>AGB Allgemeine Einkaufsbedingungen der Wibbelt GmbH (Stand 01\/2019) Vertragsabschluss Wir bestellen auf der Grundlage unserer Allgemeinen Einkaufsbedingungen. Andere Bedingungen werden nicht Vertragsinhalt, auch wenn wir diesen nicht ausdr\u00fccklich widersprechen. Nehmen wir die Lieferung \/ Leistung ohne ausdr\u00fccklichen Widerspruch entgegen, so kann hieraus in keinem Fall abgeleitet werden, wir h\u00e4tten Ihre Lieferbedingungen angenommen. Diese Allgemeinen Einkaufsbedingungen [&hellip;]<\/p>\n","protected":false},"author":1,"featured_media":0,"parent":0,"menu_order":0,"comment_status":"closed","ping_status":"closed","template":"","meta":{"_et_pb_use_builder":"on","_et_pb_old_content":"","_et_gb_content_width":"","footnotes":""},"class_list":["post-25231","page","type-page","status-publish","hentry"],"_links":{"self":[{"href":"https:\/\/wibbelt-gmbh.com\/en\/wp-json\/wp\/v2\/pages\/25231","targetHints":{"allow":["GET"]}}],"collection":[{"href":"https:\/\/wibbelt-gmbh.com\/en\/wp-json\/wp\/v2\/pages"}],"about":[{"href":"https:\/\/wibbelt-gmbh.com\/en\/wp-json\/wp\/v2\/types\/page"}],"author":[{"embeddable":true,"href":"https:\/\/wibbelt-gmbh.com\/en\/wp-json\/wp\/v2\/users\/1"}],"replies":[{"embeddable":true,"href":"https:\/\/wibbelt-gmbh.com\/en\/wp-json\/wp\/v2\/comments?post=25231"}],"version-history":[{"count":1,"href":"https:\/\/wibbelt-gmbh.com\/en\/wp-json\/wp\/v2\/pages\/25231\/revisions"}],"predecessor-version":[{"id":26725,"href":"https:\/\/wibbelt-gmbh.com\/en\/wp-json\/wp\/v2\/pages\/25231\/revisions\/26725"}],"wp:attachment":[{"href":"https:\/\/wibbelt-gmbh.com\/en\/wp-json\/wp\/v2\/media?parent=25231"}],"curies":[{"name":"wp","href":"https:\/\/api.w.org\/{rel}","templated":true}]}}